{"id":101,"date":"2017-06-27T20:57:48","date_gmt":"2017-06-27T19:57:48","guid":{"rendered":"http:\/\/conseilfrancaisducerveau.org\/?page_id=101"},"modified":"2017-06-27T20:57:48","modified_gmt":"2017-06-27T19:57:48","slug":"membres-fondateurs","status":"publish","type":"page","link":"http:\/\/conseilfrancaisducerveau.org\/index.php\/presentation\/qui-sommes-nous\/membres-fondateurs\/","title":{"rendered":"Membres fondateurs"},"content":{"rendered":"<p>Le FBC a \u00e9t\u00e9 fond\u00e9 par plusieurs soci\u00e9t\u00e9 savantes:<\/p>\n<ul>\n<li>la <a href=\"https:\/\/www.neurosciences.asso.fr\/\">Soci\u00e9t\u00e9 des Neurosciences<\/a><\/li>\n<li>la <a href=\"http:\/\/www.sf-neuro.org\/\">Soci\u00e9t\u00e9 Fran\u00e7aise de Neurologie<\/a><\/li>\n<li>un coll\u00e8ge de Psychiatrie compos\u00e9 de:\n<ul>\n<li>l&#8217;Association de Psychiatrie et Psychobiologie (association porteuse du <a href=\"http:\/\/www.congresfrancaispsychiatrie.org\/\">Congr\u00e8s Fran\u00e7ais de Psychiatrie<\/a>)<\/li>\n<li>l&#8217;<a href=\"http:\/\/www.afpbn.org\/\">Association Fran\u00e7aise de Psychiatrie <\/a><br \/>\nBiologique et de Neuropsycho-<br \/>\npharmacologie (AF\u00a0 PBN)<\/li>\n<li>la <a href=\"https:\/\/www.fondation-fondamental.org\/\">Fondation FondaMental<\/a><\/li>\n<\/ul>\n<\/li>\n<\/ul>\n","protected":false},"excerpt":{"rendered":"<p>Le FBC a \u00e9t\u00e9 fond\u00e9 par plusieurs soci\u00e9t\u00e9 savantes: la Soci\u00e9t\u00e9 des Neurosciences la Soci\u00e9t\u00e9 Fran\u00e7aise de Neurologie un coll\u00e8ge de Psychiatrie compos\u00e9 de: l&#8217;Association de Psychiatrie et Psychobiologie (association <a class=\"more-link\" href=\"http:\/\/conseilfrancaisducerveau.org\/index.php\/presentation\/qui-sommes-nous\/membres-fondateurs\/\">Lire la suite \u2192<\/a><\/p>\n","protected":false},"author":1,"featured_media":0,"parent":17,"menu_order":0,"comment_status":"closed","ping_status":"closed","template":"","meta":[],"_links":{"self":[{"href":"http:\/\/conseilfrancaisducerveau.org\/index.php\/wp-json\/wp\/v2\/pages\/101"}],"collection":[{"href":"http:\/\/conseilfrancaisducerveau.org\/index.php\/wp-json\/wp\/v2\/pages"}],"about":[{"href":"http:\/\/conseilfrancaisducerveau.org\/index.php\/wp-json\/wp\/v2\/types\/page"}],"author":[{"embeddable":true,"href":"http:\/\/conseilfrancaisducerveau.org\/index.php\/wp-json\/wp\/v2\/users\/1"}],"replies":[{"embeddable":true,"href":"http:\/\/conseilfrancaisducerveau.org\/index.php\/wp-json\/wp\/v2\/comments?post=101"}],"version-history":[{"count":1,"href":"http:\/\/conseilfrancaisducerveau.org\/index.php\/wp-json\/wp\/v2\/pages\/101\/revisions"}],"predecessor-version":[{"id":102,"href":"http:\/\/conseilfrancaisducerveau.org\/index.php\/wp-json\/wp\/v2\/pages\/101\/revisions\/102"}],"up":[{"embeddable":true,"href":"http:\/\/conseilfrancaisducerveau.org\/index.php\/wp-json\/wp\/v2\/pages\/17"}],"wp:attachment":[{"href":"http:\/\/conseilfrancaisducerveau.org\/index.php\/wp-json\/wp\/v2\/media?parent=101"}],"curies":[{"name":"wp","href":"https:\/\/api.w.org\/{rel}","templated":true}]}}