{"id":104,"date":"2017-06-27T21:03:02","date_gmt":"2017-06-27T20:03:02","guid":{"rendered":"http:\/\/conseilfrancaisducerveau.org\/?page_id=104"},"modified":"2017-08-31T13:44:04","modified_gmt":"2017-08-31T12:44:04","slug":"membres-adherents","status":"publish","type":"page","link":"http:\/\/conseilfrancaisducerveau.org\/index.php\/presentation\/qui-sommes-nous\/membres-adherents\/","title":{"rendered":"Membres adh\u00e9rents"},"content":{"rendered":"<p>Le FBC compte comme membres adh\u00e9rents:<\/p>\n<ul>\n<li>la fondation <a href=\"http:\/\/www.fondation-neurodis.org\/\">Neurodis<\/a><\/li>\n<li>la fondation <a href=\"http:\/\/www.icm-institute.org\/\">ICM<\/a><\/li>\n<li>la F\u00e9d\u00e9ration pour la Recherche sur le Cerveau <a href=\"http:\/\/www.frcneurodon.org\/\">FRC Neurodon<\/a><\/li>\n<li>le r\u00e9seau French Clinical Research Infrastructure Network (<a href=\"http:\/\/www.fcrin.org\/\">F-CRIN<\/a>)<\/li>\n<\/ul>\n","protected":false},"excerpt":{"rendered":"<p>Le FBC compte comme membres adh\u00e9rents: la fondation Neurodis la fondation ICM la F\u00e9d\u00e9ration pour la Recherche sur le Cerveau FRC Neurodon le r\u00e9seau French Clinical Research Infrastructure Network (F-CRIN)<\/p>\n","protected":false},"author":1,"featured_media":0,"parent":17,"menu_order":1,"comment_status":"closed","ping_status":"closed","template":"","meta":[],"_links":{"self":[{"href":"http:\/\/conseilfrancaisducerveau.org\/index.php\/wp-json\/wp\/v2\/pages\/104"}],"collection":[{"href":"http:\/\/conseilfrancaisducerveau.org\/index.php\/wp-json\/wp\/v2\/pages"}],"about":[{"href":"http:\/\/conseilfrancaisducerveau.org\/index.php\/wp-json\/wp\/v2\/types\/page"}],"author":[{"embeddable":true,"href":"http:\/\/conseilfrancaisducerveau.org\/index.php\/wp-json\/wp\/v2\/users\/1"}],"replies":[{"embeddable":true,"href":"http:\/\/conseilfrancaisducerveau.org\/index.php\/wp-json\/wp\/v2\/comments?post=104"}],"version-history":[{"count":4,"href":"http:\/\/conseilfrancaisducerveau.org\/index.php\/wp-json\/wp\/v2\/pages\/104\/revisions"}],"predecessor-version":[{"id":143,"href":"http:\/\/conseilfrancaisducerveau.org\/index.php\/wp-json\/wp\/v2\/pages\/104\/revisions\/143"}],"up":[{"embeddable":true,"href":"http:\/\/conseilfrancaisducerveau.org\/index.php\/wp-json\/wp\/v2\/pages\/17"}],"wp:attachment":[{"href":"http:\/\/conseilfrancaisducerveau.org\/index.php\/wp-json\/wp\/v2\/media?parent=104"}],"curies":[{"name":"wp","href":"https:\/\/api.w.org\/{rel}","templated":true}]}}