{"id":135,"date":"2017-07-04T16:03:50","date_gmt":"2017-07-04T15:03:50","guid":{"rendered":"http:\/\/conseilfrancaisducerveau.org\/?page_id=135"},"modified":"2017-07-04T16:04:37","modified_gmt":"2017-07-04T15:04:37","slug":"contact","status":"publish","type":"page","link":"http:\/\/conseilfrancaisducerveau.org\/index.php\/contact\/","title":{"rendered":"Contact"},"content":{"rendered":"<div id=\"first\" class=\"widget-area\">\n<aside id=\"text-3\" class=\"widget widget_text\">\n<div class=\"textwidget\">Conseil Fran\u00e7ais du Cerveau &#8211; FBC<\/div>\n<div class=\"textwidget\">Institut du Fer \u00e0 Moulin,<\/div>\n<div class=\"textwidget\">7 rue du Fer \u00e0 Moulin,<\/div>\n<div class=\"textwidget\">Paris 5e<\/div>\n<\/aside>\n<\/div>\n<div class=\"textwidget\"><\/div>\n<div class=\"textwidget\">email: conseilfrancaiscerveau&#64;gmail.com<\/div>\n","protected":false},"excerpt":{"rendered":"<p>Conseil Fran\u00e7ais du Cerveau &#8211; FBC Institut du Fer \u00e0 Moulin, 7 rue du Fer \u00e0 Moulin, Paris 5e email: &#x63;&#111;n&#x73;&#101;i&#x6c;&#x66;ra&#x6e;&#99;a&#x69;&#x73;ce&#x72;&#118;e&#x61;&#x75;&#64;g&#x6d;&#97;i&#x6c;&#x2e;co&#x6d;<\/p>\n","protected":false},"author":1,"featured_media":0,"parent":0,"menu_order":2,"comment_status":"closed","ping_status":"closed","template":"","meta":[],"_links":{"self":[{"href":"http:\/\/conseilfrancaisducerveau.org\/index.php\/wp-json\/wp\/v2\/pages\/135"}],"collection":[{"href":"http:\/\/conseilfrancaisducerveau.org\/index.php\/wp-json\/wp\/v2\/pages"}],"about":[{"href":"http:\/\/conseilfrancaisducerveau.org\/index.php\/wp-json\/wp\/v2\/types\/page"}],"author":[{"embeddable":true,"href":"http:\/\/conseilfrancaisducerveau.org\/index.php\/wp-json\/wp\/v2\/users\/1"}],"replies":[{"embeddable":true,"href":"http:\/\/conseilfrancaisducerveau.org\/index.php\/wp-json\/wp\/v2\/comments?post=135"}],"version-history":[{"count":1,"href":"http:\/\/conseilfrancaisducerveau.org\/index.php\/wp-json\/wp\/v2\/pages\/135\/revisions"}],"predecessor-version":[{"id":136,"href":"http:\/\/conseilfrancaisducerveau.org\/index.php\/wp-json\/wp\/v2\/pages\/135\/revisions\/136"}],"wp:attachment":[{"href":"http:\/\/conseilfrancaisducerveau.org\/index.php\/wp-json\/wp\/v2\/media?parent=135"}],"curies":[{"name":"wp","href":"https:\/\/api.w.org\/{rel}","templated":true}]}}