{"id":17,"date":"2016-06-14T23:43:09","date_gmt":"2016-06-14T22:43:09","guid":{"rendered":"http:\/\/conseilfrancaisducerveau.org\/?page_id=17"},"modified":"2017-06-27T21:04:22","modified_gmt":"2017-06-27T20:04:22","slug":"qui-sommes-nous","status":"publish","type":"page","link":"http:\/\/conseilfrancaisducerveau.org\/index.php\/presentation\/qui-sommes-nous\/","title":{"rendered":"Qui sommes nous?"},"content":{"rendered":"<p>Le bureau de l&#8217;association est compos\u00e9 de:<br \/>\n<strong>Pr\u00e9sident: Fran\u00e7ois Maugui\u00e8re<\/strong>. Fran\u00e7ois Maugui\u00e8re est PUPH de Neurologie \u00e0 Lyon. Il a \u00e9t\u00e9 Pr\u00e9sident de la F\u00e9d\u00e9ration Internationale de Neurophysiologie Clinique (International Federation of Clinical Neurophysiology (IFCN) de 2002 \u00e0 2006, puis \u2018Past President\u2019 de 2007 \u00e0 2010. Il a \u00e9t\u00e9 pr\u00e9sident de la Soci\u00e9t\u00e9 Fran\u00e7aise de Neurologie en 2005, et 10 ans auparavant pr\u00e9sident de la Soci\u00e9t\u00e9 Fran\u00e7aise de Neurophysiologie Clinique. Il est responsable de l\u2019Institut Hospitalo-Universitaire CESAME (Cerveau et Sant\u00e9 Mentale) (investissement d&#8217;avenir); Pr\u00e9sident de la <a href=\"http:\/\/www.fondation-neurodis.org\">Fondation Neurodis<\/a>. Il a \u00e9galement si\u00e9g\u00e9 \u00e0 la FRC en tant que Pr\u00e9sident du Conseil Scientifique de la FFRE et \u00e9t\u00e9 membre \u00e9lu de la section 4901 du CNU.<br \/>\n<strong>Vice-Pr\u00e9sident: Fr\u00e9d\u00e9ric Rouillon.<\/strong> Fr\u00e9d\u00e9ric Rouillon est psychiatre et chef de service \u00e0 l&#8217;h\u00f4pital Saint Anne, et <span class=\"signature_article\"><span class=\"auteur txt2_120\"> professeur de psychiatrie \u00e0 l&#8217;universit\u00e9 Paris-Descartes<\/span><\/span>.<br \/>\n<strong>Secr\u00e9taire: Mohamed Jaber.<\/strong> Mohamed Jaber est PUPH, directeur de l&#8217;unit\u00e9 de recherche INSERM 1084, Universit\u00e9 de Poitiers, et Correspondant Scientifique R\u00e9gional INSERM. Il est pr\u00e9sident du CS Facult\u00e9 M\u00e9decine-Pharmacie.<br \/>\n<strong>Tr\u00e9sorier: Cl\u00e9ment L\u00e9na.<\/strong> Cl\u00e9ment L\u00e9na est directeur de recherche \u00e0 l&#8217;INSERM et dirige une \u00e9quipe de recherche \u00e0 l&#8217;ENS \u00e0 Paris. Il est directeur du GDR NeuralNet.<\/p>\n<p>L&#8217;appel \u00e0 candidature \u00e0 l&#8217;adh\u00e9sion est ouvert. Des \u00e9lections seront organis\u00e9es au cours de l&#8217;ann\u00e9e prochaine afin de compl\u00e9ter le Conseil d&#8217;Administration (cf <a href=\"http:\/\/conseilfrancaisducerveau.org\/wp-content\/uploads\/2016\/06\/FBC_Asso-1901_Statuts.pdf\" target=\"_blank\" rel=\"noopener noreferrer\">statuts<\/a>).<\/p>\n<p>Le FBC compte des <a href=\"http:\/\/fonda\">membres fondateurs<\/a>, des <a href=\"http:\/\/conseilfrancaisducerveau.org\/index.php\/presentation\/qui-sommes-nous\/membres-adherents\/\">membres adh\u00e9rents<\/a>, des <a href=\"http:\/\/conseilfrancaisducerveau.org\/index.php\/presentation\/qui-sommes-nous\/membres-dhonneur\/\">membres d&#8217;honneur<\/a> et des <a href=\"http:\/\/www.institut-merieux.com\/\">membres bienfaiteurs<\/a>.<\/p>\n","protected":false},"excerpt":{"rendered":"<p>Le bureau de l&#8217;association est compos\u00e9 de: Pr\u00e9sident: Fran\u00e7ois Maugui\u00e8re. Fran\u00e7ois Maugui\u00e8re est PUPH de Neurologie \u00e0 Lyon. Il a \u00e9t\u00e9 Pr\u00e9sident de la F\u00e9d\u00e9ration Internationale de Neurophysiologie Clinique (International <a class=\"more-link\" href=\"http:\/\/conseilfrancaisducerveau.org\/index.php\/presentation\/qui-sommes-nous\/\">Lire la suite \u2192<\/a><\/p>\n","protected":false},"author":1,"featured_media":0,"parent":24,"menu_order":1,"comment_status":"closed","ping_status":"closed","template":"","meta":[],"_links":{"self":[{"href":"http:\/\/conseilfrancaisducerveau.org\/index.php\/wp-json\/wp\/v2\/pages\/17"}],"collection":[{"href":"http:\/\/conseilfrancaisducerveau.org\/index.php\/wp-json\/wp\/v2\/pages"}],"about":[{"href":"http:\/\/conseilfrancaisducerveau.org\/index.php\/wp-json\/wp\/v2\/types\/page"}],"author":[{"embeddable":true,"href":"http:\/\/conseilfrancaisducerveau.org\/index.php\/wp-json\/wp\/v2\/users\/1"}],"replies":[{"embeddable":true,"href":"http:\/\/conseilfrancaisducerveau.org\/index.php\/wp-json\/wp\/v2\/comments?post=17"}],"version-history":[{"count":13,"href":"http:\/\/conseilfrancaisducerveau.org\/index.php\/wp-json\/wp\/v2\/pages\/17\/revisions"}],"predecessor-version":[{"id":106,"href":"http:\/\/conseilfrancaisducerveau.org\/index.php\/wp-json\/wp\/v2\/pages\/17\/revisions\/106"}],"up":[{"embeddable":true,"href":"http:\/\/conseilfrancaisducerveau.org\/index.php\/wp-json\/wp\/v2\/pages\/24"}],"wp:attachment":[{"href":"http:\/\/conseilfrancaisducerveau.org\/index.php\/wp-json\/wp\/v2\/media?parent=17"}],"curies":[{"name":"wp","href":"https:\/\/api.w.org\/{rel}","templated":true}]}}