{"id":24,"date":"2016-06-16T09:01:22","date_gmt":"2016-06-16T08:01:22","guid":{"rendered":"http:\/\/conseilfrancaisducerveau.org\/?page_id=24"},"modified":"2016-06-17T13:05:11","modified_gmt":"2016-06-17T12:05:11","slug":"presentation","status":"publish","type":"page","link":"http:\/\/conseilfrancaisducerveau.org\/index.php\/presentation\/","title":{"rendered":"Pr\u00e9sentation"},"content":{"rendered":"<p>Le Conseil Fran\u00e7ais du Cerveau est une association dont le but est de promouvoir la recherche sur le syst\u00e8me nerveux central et ses maladies, et d&#8217;am\u00e9liorer la prise en charge et la qualit\u00e9 de vie des patients. Cette association a \u00e9t\u00e9 fond\u00e9e par des soci\u00e9t\u00e9s savantes de neurosciences, de neurologie et de psychiatrie et vise \u00e0 f\u00e9d\u00e9rer \u00e9galement les associations de malades et familles de malades, et \u00e0 d\u00e9velopper des liens avec les acteurs priv\u00e9s de la recherche et du traitement des pathologies.<\/p>\n<p>Le Conseil Fran\u00e7ais du Cerveau fait partie du r\u00e9seau europ\u00e9en des <em>National Brain Council<\/em> et il participe aux action de l<a href=\"http:\/\/www.braincouncil.eu\/\" target=\"_blank\">&#8216;<em>European Brain Council<\/em><\/a>.<\/p>\n<p>Le Conseil Fran\u00e7ais du Cerveau est une association loi 1901 (<a href=\"http:\/\/conseilfrancaisducerveau.org\/index.php\/presentation\/statuts\/\">statuts<\/a>), dont la direction est assum\u00e9e par un <a href=\"http:\/\/conseilfrancaisducerveau.org\/index.php\/presentation\/qui-sommes-nous\/\">bureau<\/a>.<\/p>\n<p>Les adh\u00e9sions se font sur la base d&#8217;une <a href=\"http:\/\/conseilfrancaisducerveau.org\/index.php\/presentation\/adherer-a-lassociation\/\">candidature<\/a> adress\u00e9e au <a href=\"&#x6d;&#x61;&#x69;&#x6c;&#x74;&#111;&#58;conse&#x69;&#x6c;&#x66;&#x72;&#x61;&#x6e;&#99;&#97;isdu&#x63;&#x65;&#x72;&#x76;&#x65;&#x61;&#117;&#64;gmail&#x2e;&#x63;&#x6f;&#x6d;\">Conseil Fran\u00e7ais du Cerveau<\/a>.<\/p>\n","protected":false},"excerpt":{"rendered":"<p>Le Conseil Fran\u00e7ais du Cerveau est une association dont le but est de promouvoir la recherche sur le syst\u00e8me nerveux central et ses maladies, et d&#8217;am\u00e9liorer la prise en charge <a class=\"more-link\" href=\"http:\/\/conseilfrancaisducerveau.org\/index.php\/presentation\/\">Lire la suite \u2192<\/a><\/p>\n","protected":false},"author":1,"featured_media":0,"parent":0,"menu_order":0,"comment_status":"closed","ping_status":"closed","template":"","meta":[],"_links":{"self":[{"href":"http:\/\/conseilfrancaisducerveau.org\/index.php\/wp-json\/wp\/v2\/pages\/24"}],"collection":[{"href":"http:\/\/conseilfrancaisducerveau.org\/index.php\/wp-json\/wp\/v2\/pages"}],"about":[{"href":"http:\/\/conseilfrancaisducerveau.org\/index.php\/wp-json\/wp\/v2\/types\/page"}],"author":[{"embeddable":true,"href":"http:\/\/conseilfrancaisducerveau.org\/index.php\/wp-json\/wp\/v2\/users\/1"}],"replies":[{"embeddable":true,"href":"http:\/\/conseilfrancaisducerveau.org\/index.php\/wp-json\/wp\/v2\/comments?post=24"}],"version-history":[{"count":8,"href":"http:\/\/conseilfrancaisducerveau.org\/index.php\/wp-json\/wp\/v2\/pages\/24\/revisions"}],"predecessor-version":[{"id":51,"href":"http:\/\/conseilfrancaisducerveau.org\/index.php\/wp-json\/wp\/v2\/pages\/24\/revisions\/51"}],"wp:attachment":[{"href":"http:\/\/conseilfrancaisducerveau.org\/index.php\/wp-json\/wp\/v2\/media?parent=24"}],"curies":[{"name":"wp","href":"https:\/\/api.w.org\/{rel}","templated":true}]}}