{"id":37,"date":"2016-06-16T16:30:04","date_gmt":"2016-06-16T15:30:04","guid":{"rendered":"http:\/\/conseilfrancaisducerveau.org\/?page_id=37"},"modified":"2016-06-16T16:30:04","modified_gmt":"2016-06-16T15:30:04","slug":"nos-missions","status":"publish","type":"page","link":"http:\/\/conseilfrancaisducerveau.org\/index.php\/presentation\/nos-missions\/","title":{"rendered":"Nos missions"},"content":{"rendered":"<ul>\n<li>Promouvoir la qualit\u00e9 scientifique,la dimension \u00e9thique de la recherche et de ses applications; encourager les recherches interdisciplinaires et le d\u00e9passement des fronti\u00e8res entre les diff\u00e9rentes disciplines scientifiques et m\u00e9dicales.<\/li>\n<li>Encourager l&#8217;\u00e9tude des aspects \u00e9conomiques et sociaux des maladies neurologiques et psychiatriques; encourager l&#8217;augmentation et l&#8217;optimisation du financement public et priv\u00e9 de la recherche et de la prise en charge m\u00e9dicale et sociale des malades.<\/li>\n<li>Encourager toute mesure l\u00e9gislative, r\u00e9glementaire ou administrative pouvant faciliter la recherche ou am\u00e9liorer la prise en charge m\u00e9dicale ou sociale des malades; faire conna\u00eetre aux responsables et d\u00e9cideurs publics et priv\u00e9s les enjeuxdu domaine et les fa\u00e7ons d&#8217;y r\u00e9pondre.<\/li>\n<li>Faciliter les \u00e9changes entre science, m\u00e9decine et soci\u00e9t\u00e9 en s&#8217;adressant au public et aux m\u00e9dias; communiquer au public les informations sur le domaine.<\/li>\n<\/ul>\n","protected":false},"excerpt":{"rendered":"<p>Promouvoir la qualit\u00e9 scientifique,la dimension \u00e9thique de la recherche et de ses applications; encourager les recherches interdisciplinaires et le d\u00e9passement des fronti\u00e8res entre les diff\u00e9rentes disciplines scientifiques et m\u00e9dicales. Encourager <a class=\"more-link\" href=\"http:\/\/conseilfrancaisducerveau.org\/index.php\/presentation\/nos-missions\/\">Lire la suite \u2192<\/a><\/p>\n","protected":false},"author":1,"featured_media":0,"parent":24,"menu_order":0,"comment_status":"closed","ping_status":"closed","template":"","meta":[],"_links":{"self":[{"href":"http:\/\/conseilfrancaisducerveau.org\/index.php\/wp-json\/wp\/v2\/pages\/37"}],"collection":[{"href":"http:\/\/conseilfrancaisducerveau.org\/index.php\/wp-json\/wp\/v2\/pages"}],"about":[{"href":"http:\/\/conseilfrancaisducerveau.org\/index.php\/wp-json\/wp\/v2\/types\/page"}],"author":[{"embeddable":true,"href":"http:\/\/conseilfrancaisducerveau.org\/index.php\/wp-json\/wp\/v2\/users\/1"}],"replies":[{"embeddable":true,"href":"http:\/\/conseilfrancaisducerveau.org\/index.php\/wp-json\/wp\/v2\/comments?post=37"}],"version-history":[{"count":1,"href":"http:\/\/conseilfrancaisducerveau.org\/index.php\/wp-json\/wp\/v2\/pages\/37\/revisions"}],"predecessor-version":[{"id":38,"href":"http:\/\/conseilfrancaisducerveau.org\/index.php\/wp-json\/wp\/v2\/pages\/37\/revisions\/38"}],"up":[{"embeddable":true,"href":"http:\/\/conseilfrancaisducerveau.org\/index.php\/wp-json\/wp\/v2\/pages\/24"}],"wp:attachment":[{"href":"http:\/\/conseilfrancaisducerveau.org\/index.php\/wp-json\/wp\/v2\/media?parent=37"}],"curies":[{"name":"wp","href":"https:\/\/api.w.org\/{rel}","templated":true}]}}