{"id":70,"date":"2016-07-01T10:32:14","date_gmt":"2016-07-01T09:32:14","guid":{"rendered":"http:\/\/conseilfrancaisducerveau.org\/?page_id=70"},"modified":"2017-06-27T21:40:21","modified_gmt":"2017-06-27T20:40:21","slug":"college-de-psychiatrie","status":"publish","type":"page","link":"http:\/\/conseilfrancaisducerveau.org\/index.php\/presentation\/college-de-psychiatrie\/","title":{"rendered":"Coll\u00e8ge de psychiatrie"},"content":{"rendered":"<p>Pour la fondation du Conseil Francais du Cerveau, il s&#8217;est constitu\u00e9 un coll\u00e8ge de psychiatrie compos\u00e9 de :<\/p>\n<div class=\"menu-membres-fondateurs-container\">\n<p><a href=\"http:\/\/www.afpbn.org\/\" target=\"_blank\" rel=\"noopener noreferrer\">Association Fran\u00e7aise de Psychiatrie Biologique et de Neuropsychopharmacologie<\/a><\/p>\n<p><a href=\"http:\/\/www.fondation-fondamental.org\/\" target=\"_blank\" rel=\"noopener noreferrer\">Fondation FondaMental<\/a><\/p>\n<p><a href=\"https:\/\/www.congresfrancaispsychiatrie.org\/\" target=\"_blank\" rel=\"noopener noreferrer\">Association Psychiatrie et Psychobiologie<\/a><\/p>\n<\/div>\n","protected":false},"excerpt":{"rendered":"<p>Pour la fondation du Conseil Francais du Cerveau, il s&#8217;est constitu\u00e9 un coll\u00e8ge de psychiatrie compos\u00e9 de : Association Fran\u00e7aise de Psychiatrie Biologique et de Neuropsychopharmacologie Fondation FondaMental Association Psychiatrie <a class=\"more-link\" href=\"http:\/\/conseilfrancaisducerveau.org\/index.php\/presentation\/college-de-psychiatrie\/\">Lire la suite \u2192<\/a><\/p>\n","protected":false},"author":1,"featured_media":0,"parent":24,"menu_order":6,"comment_status":"closed","ping_status":"closed","template":"","meta":[],"_links":{"self":[{"href":"http:\/\/conseilfrancaisducerveau.org\/index.php\/wp-json\/wp\/v2\/pages\/70"}],"collection":[{"href":"http:\/\/conseilfrancaisducerveau.org\/index.php\/wp-json\/wp\/v2\/pages"}],"about":[{"href":"http:\/\/conseilfrancaisducerveau.org\/index.php\/wp-json\/wp\/v2\/types\/page"}],"author":[{"embeddable":true,"href":"http:\/\/conseilfrancaisducerveau.org\/index.php\/wp-json\/wp\/v2\/users\/1"}],"replies":[{"embeddable":true,"href":"http:\/\/conseilfrancaisducerveau.org\/index.php\/wp-json\/wp\/v2\/comments?post=70"}],"version-history":[{"count":3,"href":"http:\/\/conseilfrancaisducerveau.org\/index.php\/wp-json\/wp\/v2\/pages\/70\/revisions"}],"predecessor-version":[{"id":115,"href":"http:\/\/conseilfrancaisducerveau.org\/index.php\/wp-json\/wp\/v2\/pages\/70\/revisions\/115"}],"up":[{"embeddable":true,"href":"http:\/\/conseilfrancaisducerveau.org\/index.php\/wp-json\/wp\/v2\/pages\/24"}],"wp:attachment":[{"href":"http:\/\/conseilfrancaisducerveau.org\/index.php\/wp-json\/wp\/v2\/media?parent=70"}],"curies":[{"name":"wp","href":"https:\/\/api.w.org\/{rel}","templated":true}]}}